{"id":347,"date":"2020-02-23T18:29:07","date_gmt":"2020-02-23T17:29:07","guid":{"rendered":"http:\/\/pd-kum.si\/splet\/?page_id=347"},"modified":"2020-02-29T18:40:39","modified_gmt":"2020-02-29T17:40:39","slug":"nezina-pot","status":"publish","type":"page","link":"https:\/\/pd-kum.si\/splet\/poti-na-kum\/nezina-pot\/","title":{"rendered":"Ne\u017eina pot"},"content":{"rendered":"\n<p>Jeseni 2006 sta \u0160tudijski kro\u017eek Sopota in \u0160D Sopota ob podpori\nob\u010dine Zagorje ob Savi, KS Podkum in Zavoda za gozdove Slovenije ozna\u010dili\nromarsko Ne\u017eino pot iz Sopote, preko Borovaka pri Podkumu in Malega Kuma, do\nvrha Kuma. Hoje je za dve uri.<\/p>\n\n\n\n<p>Nekako na polovici doline Sopote stoji tabla \u00bbNe\u017eina pot\u00ab z\nvrisanim zemljevidom poti. Tu bomo za\u010deli na\u0161o pot, ki jo je slikovito opisala\nin povezala z legendo o Ne\u017eki in Jo\u0161tu Alenka Veber. Njen zapis citiramo v\nnadaljevanju. <\/p>\n\n\n\n<p>Prikupna svetnica<\/p>\n\n\n\n<p>Sv. Ne\u017ei, rimski mu\u010denki, eni najbolj prikupnih\nsvetni\u0161kih podob prvih kr\u0161\u010danskih stoletij, je na slovenskih tleh posve\u010denih\nokrog dvajset cerkva. O njeni priljubljenosti pri nas pri\u010dajo \u0161e \u0161tevilne\npodobe in kipi v starej\u0161ih cerkvah.&nbsp;<a href=\"https:\/\/www.kam.si\/romarske_cerkve\/kum.html\">Bo\u017ejepotna\ncerkev sv. Ne\u017ee na Kumu (1220 m)<\/a>&nbsp;je nekdaj veljala za najbolj priljubljeno romarsko sveti\u0161\u010de\nDolenjcev. Ohranila se je legenda o preprostem dekletu Ne\u017ei iz&nbsp;<a href=\"https:\/\/www.kam.si\/mesta\/kostanjevica_na_krki.html\">Kostanjevice\nna Krki<\/a>,\nki je v \u010dasu poplav, hude \u0161ibe za dolenjske kmete,\ndan za dnem hodila molit na skalo sredi reke, da bi jih Bog tega gorja obvaroval.&nbsp;Neko\u010d\nje zasli\u0161ala glas s Kuma: \u00bbPridi, pridi \u2026\u00ab Ne\u017ea je sledila glasu in se podala\nna mogo\u010dni Kum molit. Na del poti, ki jo je prehodila Ne\u017ea, se bomo odpravili\niz doline&nbsp;Sopote. Nekako na\npolovici doline se pot pri\u010dne pred tablo Ne\u017eine poti, kjer je za\u010drtan tudi njen\nzemljevid. Kje pot zavije v gozd in proti&nbsp;Borovaku, je najbolje povpra\u0161ati doma\u010dine. Pri obujanju legende o\nskromnem dekletu niti ni toliko pomembno, ali gre za zgodovinsko resnico ali je\nto izraz spo\u0161tovanja do svetnice. Ve\u010dje romanje na Kum je ob prazniku sv.\nJerneja (24. avgust) oz. zadnjo nedeljo v mesecu avgustu. Kapelice sv. Jerneja,\nki stoji na \u0161tajerski strani Kuma, na\u0161a pot ne zajame, pa\u010d objame Ne\u017eine\nsolzice, cerkev sv. Ur\u0161ule ter kapelici sv. Ne\u017ee in sv. Jo\u0161ta in seveda cerkev\nsv. Ne\u017ee na Kumu.<\/p>\n\n\n\n<h4 class=\"wp-block-heading\">Iz doline Sopote mimo Solzic sv. Ne\u017ee na Kum<\/h4>\n\n\n\n<p> Ne\u017eina pot se skoraj ves \u010das vije v hladu gozdov. Ob prebiranju legende o Ne\u017ei ter pastirjih Jo\u0161tu in Jerneju, ki sta be\u017eala pred Turki s tropom ovac, dve uri hoje kar prehitro mineta. Ko se je Ne\u017ea odpravila na Kum, je s seboj vzela kravo, a zgodila se je nesre\u010da: krava je zgrmela v prepad nad Selami (danes Borovak pri Podkumu). Ne\u017ea je tako neutola\u017eljivo jokala, da je krava okamenela in iz te skale \u0161e danes solzijo\u00a0Ne\u017eine solze. Od tod do podru\u017ene cerkve sv. Ur\u0161ule, ki stoji na ravnici, obdana z nizkim obzidjem na severnem obrobju Borovaka pri Podkumu, je le \u0161e nekaj sto metrov. Po dobrem kilometru poti proti Malemu Kumu se Ne\u017eina pot priklju\u010di planinski poti, ki je ozna\u010dena s Knafel\u010devo markacijo. Na svojem begu sta Jo\u0161t in Jernej sre\u010dala prijazno Ne\u017eo, ki jima je pomagala pri begu. A nad Malim Kumom so ji po\u0161le mo\u010di, Turki so jo ujeli in ji odsekali glavo. Pri kapelici sv. Ne\u017ee so v skali vidni odtisi njenih drobnih kolen, kamor je poni\u017eno pokleknila, \u010dakajo\u010d krute kazni Turkov, ko ni hotela izdati, kam sta pobegnila Jo\u0161t in Jernej. A tudi Jo\u0161t je ope\u0161al. Na mestu, kjer ga je posekal tur\u0161ki me\u010d, stoji kapelica v \u010dast sv. Jo\u0161tu. Le \u0161e nekaj malega korakov in \u017ee smo na\u00a0Kumu, ki mu pravijo zasavski Triglav. Neko\u010d sta na Kumu stali dve cerkvi. \u017dal se je morala cerkev sv. Jo\u0161ta, ki je stala na vi\u0161jem vrhu, leta 1961 umakniti razvoju civilizacije. Glas o priljubljenosti bo\u017eje poti na Kum je privabil tudi Valvasorja, ki je v nedeljo, 29. avgusta 1688, poromal tja gor in poro\u010dal o usli\u0161anjih in \u010dude\u017eih, ki se godijo na Kumu. O romarjih iz Kostanjevice na Krki je kronist avgusta leta 1869 zapisal:\u00a0<em>\u00bbZanimivo je videti romarje iz Kostanjevice, kteri vsled stare navade vsako sedmo leto na hrib prihajajo in prina\u0161ajo darov za cerkev; med temi te\u017eko sve\u010do, ktera tehta 14 liber.\u00ab\u00a0<\/em>Sve\u010do so darovali Kostanjevi\u010dani v zahvalo, ker so bili re\u0161eni velike povodnji. <\/p>\n\n\n\n<style id=\"bwg-style-0\">    #bwg_container1_0 #bwg_container2_0 .bwg-container-0.bwg-standard-thumbnails {      width: 1404px;              justify-content: center;        margin:0 auto !important;              background-color: rgba(255, 255, 255, 0.00);            padding-left: 4px;      padding-top: 4px;      max-width: 100%;            }        #bwg_container1_0 #bwg_container2_0 .bwg-container-0.bwg-standard-thumbnails .bwg-item {    justify-content: flex-start;      max-width: 350px;          }    #bwg_container1_0 #bwg_container2_0 .bwg-container-0.bwg-standard-thumbnails .bwg-item a {       margin-right: 4px;       margin-bottom: 4px;    }    #bwg_container1_0 #bwg_container2_0 .bwg-container-0.bwg-standard-thumbnails .bwg-item0 {      padding: 0px;            background-color:rgba(0,0,0, 0.30);      border: 0px none #CCCCCC;      opacity: 1.00;      border-radius: 0;      box-shadow: ;    }    #bwg_container1_0 #bwg_container2_0 .bwg-container-0.bwg-standard-thumbnails .bwg-item1 img {      max-height: none;      max-width: none;      padding: 0 !important;    }         @media only screen and (min-width: 480px) {\t\t#bwg_container1_0 #bwg_container2_0 .bwg-container-0.bwg-standard-thumbnails .bwg-item1 img {\t\t\t-webkit-transition: all .3s; transition: all .3s;\t\t}\t\t#bwg_container1_0 #bwg_container2_0 .bwg-container-0.bwg-standard-thumbnails .bwg-item1 img:hover {\t\t\t-ms-transform: scale(1.08);\t\t\t-webkit-transform: scale(1.08);\t\t\ttransform: scale(1.08);\t\t}\t\t      }\t    #bwg_container1_0 #bwg_container2_0 .bwg-container-0.bwg-standard-thumbnails .bwg-item1 {      padding-top: 71.428571428571%;    }        #bwg_container1_0 #bwg_container2_0 .bwg-container-0.bwg-standard-thumbnails .bwg-title2,    #bwg_container1_0 #bwg_container2_0 .bwg-container-0.bwg-standard-thumbnails .bwg-ecommerce2 {      color: #323A45;      font-family: Ubuntu;      font-size: 16px;      font-weight: bold;      padding: 2px;      text-shadow: ;      max-height: 100%;    }    #bwg_container1_0 #bwg_container2_0 .bwg-container-0.bwg-standard-thumbnails .bwg-thumb-description span {    color: #323A45;    font-family: Ubuntu;    font-size: 12px;    max-height: 100%;    word-wrap: break-word;    }    #bwg_container1_0 #bwg_container2_0 .bwg-container-0.bwg-standard-thumbnails .bwg-play-icon2 {      font-size: 32px;    }    #bwg_container1_0 #bwg_container2_0 .bwg-container-0.bwg-standard-thumbnails .bwg-ecommerce2 {      font-size: 19.2px;      color: #323A45;    }    <\/style>    <div id=\"bwg_container1_0\"         class=\"bwg_container bwg_thumbnail bwg_thumbnails \"         data-right-click-protection=\"0\"         data-bwg=\"0\"         data-scroll=\"0\"         data-gallery-type=\"thumbnails\"         data-gallery-view-type=\"thumbnails\"         data-current-url=\"\/splet\/wp-json\/wp\/v2\/pages\/347\"         data-lightbox-url=\"https:\/\/pd-kum.si\/splet\/wp-admin\/admin-ajax.php?action=GalleryBox&#038;current_view=0&#038;gallery_id=5&#038;tag=0&#038;theme_id=1&#038;shortcode_id=10&#038;sort_by=order&#038;order_by=asc&#038;current_url=%2Fsplet%2Fwp-json%2Fwp%2Fv2%2Fpages%2F347\"         data-gallery-id=\"5\"         data-popup-width=\"800\"         data-popup-height=\"500\"         data-is-album=\"gallery\"         data-buttons-position=\"bottom\">      <div id=\"bwg_container2_0\">             <div id=\"ajax_loading_0\" class=\"bwg_loading_div_1\">      <div class=\"bwg_loading_div_2\">        <div class=\"bwg_loading_div_3\">          <div id=\"loading_div_0\" class=\"bwg_spider_ajax_loading\">          <\/div>        <\/div>      <\/div>    <\/div>            <form id=\"gal_front_form_0\"              class=\"bwg-hidden\"              method=\"post\"              action=\"#\"              data-current=\"0\"              data-shortcode-id=\"10\"              data-gallery-type=\"thumbnails\"              data-gallery-id=\"5\"              data-tag=\"0\"              data-album-id=\"0\"              data-theme-id=\"1\"              data-ajax-url=\"https:\/\/pd-kum.si\/splet\/wp-admin\/admin-ajax.php?action=bwg_frontend_data\">          <div id=\"bwg_container3_0\" class=\"bwg-background bwg-background-0\">                <div data-max-count=\"4\"         data-thumbnail-width=\"350\"         data-bwg=\"0\"         data-gallery-id=\"5\"         data-lightbox-url=\"https:\/\/pd-kum.si\/splet\/wp-admin\/admin-ajax.php?action=GalleryBox&amp;current_view=0&amp;gallery_id=5&amp;tag=0&amp;theme_id=1&amp;shortcode_id=10&amp;sort_by=order&amp;order_by=asc&amp;current_url=%2Fsplet%2Fwp-json%2Fwp%2Fv2%2Fpages%2F347\"         id=\"bwg_thumbnails_0\"         class=\"bwg-container-0 bwg-thumbnails bwg-standard-thumbnails bwg-container bwg-border-box\">            <div class=\"bwg-item\">        <a class=\"bwg-a  bwg_lightbox\"  data-image-id=\"32\" href=\"https:\/\/pd-kum.si\/splet\/wp-content\/uploads\/photo-gallery\/POTI\/martinciceva\/nezina_1.jpg?bwg=1582998110\" data-elementor-open-lightbox=\"no\">                <div class=\"bwg-item0  lazy_loader \">          <div class=\"bwg-item1 \">            <div class=\"bwg-item2\">              <img decoding=\"async\" class=\"skip-lazy bwg_standart_thumb_img_0  bwg_lazyload \"                   data-id=\"32\"                   data-width=\"450\"                   data-height=\"299\"                   data-src=\"https:\/\/pd-kum.si\/splet\/wp-content\/uploads\/photo-gallery\/POTI\/martinciceva\/thumb\/nezina_1.jpg?bwg=1582998110\"                   src=\"https:\/\/pd-kum.si\/splet\/wp-content\/plugins\/photo-gallery\/images\/lazy_placeholder.gif\"                   alt=\"Ne\u017eina pot\"                   title=\"Ne\u017eina pot\" \/>            <\/div>            <div class=\"\">                                                      <\/div>          <\/div>        <\/div>                <div class=\"bwg-title1\"><div class=\"bwg-title2\">Ne\u017eina pot<\/div><\/div>        <\/a>              <\/div>            <div class=\"bwg-item\">        <a class=\"bwg-a  bwg_lightbox\"  data-image-id=\"31\" href=\"https:\/\/pd-kum.si\/splet\/wp-content\/uploads\/photo-gallery\/POTI\/martinciceva\/nezina_2.jpg?bwg=1582998110\" data-elementor-open-lightbox=\"no\">                <div class=\"bwg-item0  lazy_loader \">          <div class=\"bwg-item1 \">            <div class=\"bwg-item2\">              <img decoding=\"async\" class=\"skip-lazy bwg_standart_thumb_img_0  bwg_lazyload \"                   data-id=\"31\"                   data-width=\"450\"                   data-height=\"299\"                   data-src=\"https:\/\/pd-kum.si\/splet\/wp-content\/uploads\/photo-gallery\/POTI\/martinciceva\/thumb\/nezina_2.jpg?bwg=1582998110\"                   src=\"https:\/\/pd-kum.si\/splet\/wp-content\/plugins\/photo-gallery\/images\/lazy_placeholder.gif\"                   alt=\"Ne\u017eina pot\"                   title=\"Ne\u017eina pot\" \/>            <\/div>            <div class=\"\">                                                      <\/div>          <\/div>        <\/div>                <div class=\"bwg-title1\"><div class=\"bwg-title2\">Ne\u017eina pot<\/div><\/div>        <\/a>              <\/div>            <div class=\"bwg-item\">        <a class=\"bwg-a  bwg_lightbox\"  data-image-id=\"30\" href=\"https:\/\/pd-kum.si\/splet\/wp-content\/uploads\/photo-gallery\/POTI\/martinciceva\/nezina_3.jpg?bwg=1582998110\" data-elementor-open-lightbox=\"no\">                <div class=\"bwg-item0  lazy_loader \">          <div class=\"bwg-item1 \">            <div class=\"bwg-item2\">              <img decoding=\"async\" class=\"skip-lazy bwg_standart_thumb_img_0  bwg_lazyload \"                   data-id=\"30\"                   data-width=\"299\"                   data-height=\"450\"                   data-src=\"https:\/\/pd-kum.si\/splet\/wp-content\/uploads\/photo-gallery\/POTI\/martinciceva\/thumb\/nezina_3.jpg?bwg=1582998110\"                   src=\"https:\/\/pd-kum.si\/splet\/wp-content\/plugins\/photo-gallery\/images\/lazy_placeholder.gif\"                   alt=\"Ne\u017eina pot\"                   title=\"Ne\u017eina pot\" \/>            <\/div>            <div class=\"\">                                                      <\/div>          <\/div>        <\/div>                <div class=\"bwg-title1\"><div class=\"bwg-title2\">Ne\u017eina pot<\/div><\/div>        <\/a>              <\/div>          <\/div>    <style>      \/*pagination styles*\/      #bwg_container1_0 #bwg_container2_0 .tablenav-pages_0 {\t\t\t\ttext-align: center;\t\t\t\tfont-size: 12px;\t\t\t\tfont-family: Ubuntu;\t\t\t\tfont-weight: bold;\t\t\t\tcolor: #666666;\t\t\t\tmargin: 6px 0 4px;\t\t\t\tdisplay: block;      }      @media only screen and (max-width : 320px) {      #bwg_container1_0 #bwg_container2_0 .displaying-num_0 {     \t display: none;      }      }      #bwg_container1_0 #bwg_container2_0 .displaying-num_0 {\t\t\t\tfont-size: 12px;\t\t\t\tfont-family: Ubuntu;\t\t\t\tfont-weight: bold;\t\t\t\tcolor: #666666;\t\t\t\tmargin-right: 10px;\t\t\t\tvertical-align: middle;      }      #bwg_container1_0 #bwg_container2_0 .paging-input_0 {\t\t\t\tfont-size: 12px;\t\t\t\tfont-family: Ubuntu;\t\t\t\tfont-weight: bold;\t\t\t\tcolor: #666666;\t\t\t\tvertical-align: middle;      }      #bwg_container1_0 #bwg_container2_0 .tablenav-pages_0 a.disabled,      #bwg_container1_0 #bwg_container2_0 .tablenav-pages_0 a.disabled:hover,      #bwg_container1_0 #bwg_container2_0 .tablenav-pages_0 a.disabled:focus,\t\t\t#bwg_container1_0 #bwg_container2_0 .tablenav-pages_0 input.bwg_current_page {\t\t\t\tcursor: default;\t\t\t\tcolor: rgba(102, 102, 102, 0.5);      }      #bwg_container1_0 #bwg_container2_0 .tablenav-pages_0 a,      #bwg_container1_0 #bwg_container2_0 .tablenav-pages_0 input.bwg_current_page {\t\t\t\tcursor: pointer;\t\t\t\ttext-align: center;\t\t\t\tfont-size: 12px;\t\t\t\tfont-family: Ubuntu;\t\t\t\tfont-weight: bold;\t\t\t\tcolor: #666666;\t\t\t\ttext-decoration: none;\t\t\t\tpadding: 3px 6px;\t\t\t\tmargin: 0;\t\t\t\tborder-radius: 0;\t\t\t\tborder-style: solid;\t\t\t\tborder-width: 1px;\t\t\t\tborder-color: #E3E3E3;\t\t\t\t\t\t\t\tbackground-color: rgba(255, 255, 255, 1.00);\t\t\t\tbox-shadow: 0;\t\t\t\ttransition: all 0.3s ease 0s;-webkit-transition: all 0.3s ease 0s;      }      <\/style>      <span class=\"bwg_nav_cont_0\">              <div class=\"tablenav-pages_0\">                  <\/div>                <input type=\"hidden\" id=\"page_number_0\" name=\"page_number_0\" value=\"1\" \/>      <script type=\"text\/javascript\">        if( jQuery('.bwg_nav_cont_0').length > 1 ) {          jQuery('.bwg_nav_cont_0').first().remove()        }        function spider_page_0(cur, x, y, load_more) {          if (typeof load_more == \"undefined\") {            var load_more = false;          }          if (jQuery(cur).hasClass('disabled')) {            return false;          }          var items_county_0 = 1;          switch (y) {            case 1:              if (x >= items_county_0) {                document.getElementById('page_number_0').value = items_county_0;              }              else {                document.getElementById('page_number_0').value = x + 1;              }              break;            case 2:              document.getElementById('page_number_0').value = items_county_0;              break;            case -1:              if (x == 1) {                document.getElementById('page_number_0').value = 1;              }              else {                document.getElementById('page_number_0').value = x - 1;              }              break;            case -2:              document.getElementById('page_number_0').value = 1;              break;\t\t\t\t\t\tcase 0:              document.getElementById('page_number_0').value = x;              break;            default:              document.getElementById('page_number_0').value = 1;          }          bwg_ajax('gal_front_form_0', '0', 'bwg_thumbnails_0', '0', '', 'gallery', 0, '', '', load_more, '', 1);        }                    jQuery('.first-page-0').on('click', function () {              spider_page_0(this, 1, -2, 'numeric');              return false;            });            jQuery('.prev-page-0').on('click', function () {              spider_page_0(this, 1, -1, 'numeric');              return false;            });            jQuery('.next-page-0').on('click', function () {              spider_page_0(this, 1, 1, 'numeric');              return false;            });            jQuery('.last-page-0').on('click', function () {              spider_page_0(this, 1, 2, 'numeric');              return false;            });        \t\t\t\t\/* Change page on input enter. *\/        function bwg_change_page_0( e, that ) {          if (  e.key == 'Enter' ) {            var to_page = parseInt(jQuery(that).val());            var pages_count = jQuery(that).parents(\".pagination-links\").data(\"pages-count\");            var current_url_param = jQuery(that).attr('data-url-info');            if (to_page > pages_count) {              to_page = 1;            }\t \t\t\t\t\t\t\t\t\t\t\t\tspider_page_0(this, to_page, 0, 'numeric');\t\t\t\t\t\t\treturn false;\t\t\t\t\t\t          }          return true;        }        jQuery('.bwg_load_btn_0').on('click', function () {            spider_page_0(this, 1, 1, true);            return false;        });      <\/script>      <\/span>                <\/div>        <\/form>        <style>          #bwg_container1_0 #bwg_container2_0 #spider_popup_overlay_0 {          background-color: #EEEEEE;          opacity: 0.60;          }          <\/style>        <div id=\"bwg_spider_popup_loading_0\" class=\"bwg_spider_popup_loading\"><\/div>        <div id=\"spider_popup_overlay_0\" class=\"spider_popup_overlay\" onclick=\"spider_destroypopup(1000)\"><\/div>        <input type=\"hidden\" id=\"bwg_random_seed_0\" value=\"1787823011\">                <\/div>    <\/div>    <script>      if (document.readyState === 'complete') {        if( typeof bwg_main_ready == 'function' ) {          if ( jQuery(\"#bwg_container1_0\").height() ) {            bwg_main_ready(jQuery(\"#bwg_container1_0\"));          }        }      } else {        document.addEventListener('DOMContentLoaded', function() {          if( typeof bwg_main_ready == 'function' ) {            if ( jQuery(\"#bwg_container1_0\").height() ) {             bwg_main_ready(jQuery(\"#bwg_container1_0\"));            }          }        });      }    <\/script>    \n","protected":false},"excerpt":{"rendered":"<p>Jeseni 2006 sta \u0160tudijski kro\u017eek Sopota in \u0160D Sopota ob podpori ob\u010dine Zagorje ob Savi, KS Podkum in Zavoda za gozdove Slovenije ozna\u010dili romarsko Ne\u017eino pot iz Sopote, preko Borovaka pri Podkumu in Malega Kuma, do vrha Kuma. Hoje je za dve uri. Nekako na polovici doline Sopote stoji tabla \u00bbNe\u017eina pot\u00ab z vrisanim zemljevidom [&hellip;]<\/p>\n","protected":false},"author":1,"featured_media":0,"parent":86,"menu_order":0,"comment_status":"closed","ping_status":"closed","template":"","meta":{"_bbp_topic_count":0,"_bbp_reply_count":0,"_bbp_total_topic_count":0,"_bbp_total_reply_count":0,"_bbp_voice_count":0,"_bbp_anonymous_reply_count":0,"_bbp_topic_count_hidden":0,"_bbp_reply_count_hidden":0,"_bbp_forum_subforum_count":0,"_mc_calendar":[],"footnotes":""},"class_list":["post-347","page","type-page","status-publish","hentry"],"_links":{"self":[{"href":"https:\/\/pd-kum.si\/splet\/wp-json\/wp\/v2\/pages\/347","targetHints":{"allow":["GET"]}}],"collection":[{"href":"https:\/\/pd-kum.si\/splet\/wp-json\/wp\/v2\/pages"}],"about":[{"href":"https:\/\/pd-kum.si\/splet\/wp-json\/wp\/v2\/types\/page"}],"author":[{"embeddable":true,"href":"https:\/\/pd-kum.si\/splet\/wp-json\/wp\/v2\/users\/1"}],"replies":[{"embeddable":true,"href":"https:\/\/pd-kum.si\/splet\/wp-json\/wp\/v2\/comments?post=347"}],"version-history":[{"count":2,"href":"https:\/\/pd-kum.si\/splet\/wp-json\/wp\/v2\/pages\/347\/revisions"}],"predecessor-version":[{"id":384,"href":"https:\/\/pd-kum.si\/splet\/wp-json\/wp\/v2\/pages\/347\/revisions\/384"}],"up":[{"embeddable":true,"href":"https:\/\/pd-kum.si\/splet\/wp-json\/wp\/v2\/pages\/86"}],"wp:attachment":[{"href":"https:\/\/pd-kum.si\/splet\/wp-json\/wp\/v2\/media?parent=347"}],"curies":[{"name":"wp","href":"https:\/\/api.w.org\/{rel}","templated":true}]}}