{"id":70,"date":"2020-02-08T12:02:07","date_gmt":"2020-02-08T11:02:07","guid":{"rendered":"http:\/\/pd-kum.si\/splet\/?page_id=70"},"modified":"2020-03-04T19:30:52","modified_gmt":"2020-03-04T18:30:52","slug":"planinski-dom-na-kumu","status":"publish","type":"page","link":"https:\/\/pd-kum.si\/splet\/planinski-dom-na-kumu\/","title":{"rendered":"Planinski dom na Kumu"},"content":{"rendered":"\n<p>Tik pod vrhom Kuma na\nju\u017enem pobo\u010dju tik pod cerkvijo sv. Ne\u017ee stoji planinski dom, ki je v lasti Planinskega dru\u0161tva Kum Trbovlje. Planinski\ndom na Kumu je vpisan v seznam planinskih ko\u010d pri Planinski zvezi Slovenije kot\nplaninska ko\u010da III. kategorije. <\/p>\n\n\n\n<p>Oskrbovanje je zagotovljeno z najemni\u0161tvom. <\/p>\n\n\n\n<div class=\"wp-block-image\"><figure class=\"aligncenter size-large\"><img fetchpriority=\"high\" decoding=\"async\" width=\"960\" height=\"540\" src=\"https:\/\/pd-kum.si\/splet\/wp-content\/uploads\/2020\/03\/image001.jpg\" alt=\"\" class=\"wp-image-496\"\/><\/figure><\/div>\n","protected":false},"excerpt":{"rendered":"<p>Tik pod vrhom Kuma na ju\u017enem pobo\u010dju tik pod cerkvijo sv. Ne\u017ee stoji planinski dom, ki je v lasti Planinskega dru\u0161tva Kum Trbovlje. Planinski dom na Kumu je vpisan v seznam planinskih ko\u010d pri Planinski zvezi Slovenije kot planinska ko\u010da III. kategorije. Oskrbovanje je zagotovljeno z najemni\u0161tvom.<\/p>\n","protected":false},"author":1,"featured_media":0,"parent":0,"menu_order":0,"comment_status":"closed","ping_status":"closed","template":"","meta":{"_bbp_topic_count":0,"_bbp_reply_count":0,"_bbp_total_topic_count":0,"_bbp_total_reply_count":0,"_bbp_voice_count":0,"_bbp_anonymous_reply_count":0,"_bbp_topic_count_hidden":0,"_bbp_reply_count_hidden":0,"_bbp_forum_subforum_count":0,"_mc_calendar":[],"footnotes":""},"class_list":["post-70","page","type-page","status-publish","hentry"],"_links":{"self":[{"href":"https:\/\/pd-kum.si\/splet\/wp-json\/wp\/v2\/pages\/70","targetHints":{"allow":["GET"]}}],"collection":[{"href":"https:\/\/pd-kum.si\/splet\/wp-json\/wp\/v2\/pages"}],"about":[{"href":"https:\/\/pd-kum.si\/splet\/wp-json\/wp\/v2\/types\/page"}],"author":[{"embeddable":true,"href":"https:\/\/pd-kum.si\/splet\/wp-json\/wp\/v2\/users\/1"}],"replies":[{"embeddable":true,"href":"https:\/\/pd-kum.si\/splet\/wp-json\/wp\/v2\/comments?post=70"}],"version-history":[{"count":3,"href":"https:\/\/pd-kum.si\/splet\/wp-json\/wp\/v2\/pages\/70\/revisions"}],"predecessor-version":[{"id":497,"href":"https:\/\/pd-kum.si\/splet\/wp-json\/wp\/v2\/pages\/70\/revisions\/497"}],"wp:attachment":[{"href":"https:\/\/pd-kum.si\/splet\/wp-json\/wp\/v2\/media?parent=70"}],"curies":[{"name":"wp","href":"https:\/\/api.w.org\/{rel}","templated":true}]}}