{"id":88,"date":"2020-02-08T12:10:14","date_gmt":"2020-02-08T11:10:14","guid":{"rendered":"http:\/\/pd-kum.si\/splet\/?page_id=88"},"modified":"2020-02-17T18:31:31","modified_gmt":"2020-02-17T17:31:31","slug":"krajinski-park-kum","status":"publish","type":"page","link":"https:\/\/pd-kum.si\/splet\/krajinski-park-kum\/","title":{"rendered":"Krajinski park Kum"},"content":{"rendered":"\n<p>Obmo\u010dje med Savo in Kumom, ki pripada ob\u010dini Trbovlje, je bilo leta 1996 z ob\u010dinskim Odlokom o razglasitvi naravnih znamenitosti, arheolo\u0161kih obmo\u010dij ter kulturnih in zgodovinskih spomenikov na obmo\u010dju ob\u010dine Trbovlje (Uradni vestnik Zasavja, \u0161t. 4\/96) ovrednoteno kot Krajinski park Kum. Krajinski parki so obmo\u010dja kultivirane narave, ki zdru\u017eujejo zna\u010dilno pokrajino s sestavinami naravne in kulturne dedi\u0161\u010dine. Namenjeni so predvsem rekreaciji in ohranitvi zna\u010dilne pokrajine. Na njihovem obmo\u010dju velja varstveni re\u017eim za krajinske parke, ki prepoveduje gozdarsko izkori\u0161\u010danje brez omejitev, gradnjo ve\u010djih naselij, gradnjo odlagali\u0161\u010d odpadkov, uporabo biocidov v ve\u010djem obsegu in podobno.<\/p>\n\n\n\n<p>Za razli\u010dne predvidene posege v krajinskem parku je potrebno pridobiti soglasje pristojne slu\u017ebe za varstvo okolja.<\/p>\n\n\n\n<p>V letu 2004 je dr\u017eava krajinski park vklju\u010dila v Naturo 2000, ki je poseben sistem varstva narave, ki ga je morala Slovenija vzpostaviti z dnem v\u010dlanitve v Evropsko skupnost (Ur. list RS, \u0161t. 49\/04). Gre za omre\u017eje varstvenih obmo\u010dij, ki so namenjena ohranjanju \u017eivalskih in rastlinskih vrst ter habitatov, ki so redki ali ogro\u017eeni na evropski ravni. Habitat, habitatni tip pomeni tip \u017eivljenjskega okolja. To je torej rastlinska in \u017eivalska zdru\u017eba kot zna\u010dilni \u017eivi del ekosistema, povezana z ne\u017eivimi dejavniki (tla, podnebje, razpolo\u017eljivost vode, svetloba, toplota) na nekem obmo\u010dju. Varstvo narave namre\u010d ni samo varstvo nekaterih rastlinskih in \u017eivalskih vrst ter naravnih znamenitosti, temve\u010d predvsem varovanje \u017eivljenjskih okolij skupaj s procesi, ki ta okolja ohranjajo.<\/p>\n\n\n\n<p>Omre\u017eje Natura 2000 tvorijo obmo\u010dja dveh direktiv: direktive o pti\u010dih, ki obvezuje dr\u017eave za varstvo vseh vrst pti\u010dev na njihovem ozemlju, in direktive o habitatih, ki ohranja celoten tip \u017eivljenjskega prostora in ne le posamezne ogro\u017eene vrste. Spodnji fotografiji predstavljata dva pomembna habitatna tipa v krajinskem parku.<\/p>\n","protected":false},"excerpt":{"rendered":"<p>Obmo\u010dje med Savo in Kumom, ki pripada ob\u010dini Trbovlje, je bilo leta 1996 z ob\u010dinskim Odlokom o razglasitvi naravnih znamenitosti, arheolo\u0161kih obmo\u010dij ter kulturnih in zgodovinskih spomenikov na obmo\u010dju ob\u010dine Trbovlje (Uradni vestnik Zasavja, \u0161t. 4\/96) ovrednoteno kot Krajinski park Kum. Krajinski parki so obmo\u010dja kultivirane narave, ki zdru\u017eujejo zna\u010dilno pokrajino s sestavinami naravne in [&hellip;]<\/p>\n","protected":false},"author":1,"featured_media":0,"parent":0,"menu_order":0,"comment_status":"closed","ping_status":"closed","template":"","meta":{"_bbp_topic_count":0,"_bbp_reply_count":0,"_bbp_total_topic_count":0,"_bbp_total_reply_count":0,"_bbp_voice_count":0,"_bbp_anonymous_reply_count":0,"_bbp_topic_count_hidden":0,"_bbp_reply_count_hidden":0,"_bbp_forum_subforum_count":0,"_mc_calendar":[],"footnotes":""},"class_list":["post-88","page","type-page","status-publish","hentry"],"_links":{"self":[{"href":"https:\/\/pd-kum.si\/splet\/wp-json\/wp\/v2\/pages\/88","targetHints":{"allow":["GET"]}}],"collection":[{"href":"https:\/\/pd-kum.si\/splet\/wp-json\/wp\/v2\/pages"}],"about":[{"href":"https:\/\/pd-kum.si\/splet\/wp-json\/wp\/v2\/types\/page"}],"author":[{"embeddable":true,"href":"https:\/\/pd-kum.si\/splet\/wp-json\/wp\/v2\/users\/1"}],"replies":[{"embeddable":true,"href":"https:\/\/pd-kum.si\/splet\/wp-json\/wp\/v2\/comments?post=88"}],"version-history":[{"count":2,"href":"https:\/\/pd-kum.si\/splet\/wp-json\/wp\/v2\/pages\/88\/revisions"}],"predecessor-version":[{"id":104,"href":"https:\/\/pd-kum.si\/splet\/wp-json\/wp\/v2\/pages\/88\/revisions\/104"}],"wp:attachment":[{"href":"https:\/\/pd-kum.si\/splet\/wp-json\/wp\/v2\/media?parent=88"}],"curies":[{"name":"wp","href":"https:\/\/api.w.org\/{rel}","templated":true}]}}