{"id":92,"date":"2020-02-08T12:11:40","date_gmt":"2020-02-08T11:11:40","guid":{"rendered":"http:\/\/pd-kum.si\/splet\/?page_id=92"},"modified":"2020-03-07T09:19:10","modified_gmt":"2020-03-07T08:19:10","slug":"o-mdo","status":"publish","type":"page","link":"https:\/\/pd-kum.si\/splet\/mdo-zasavje-posavje\/o-mdo\/","title":{"rendered":"O delu MDO Zasavje Posavje"},"content":{"rendered":"\n<p>Meddru\u0161tveni odbor planinskih dru\u0161tev\n(MDO) je organ v sestavi Planinske zveze Slovenije (PZS) in je oblika\npovezovanja dru\u0161tev na dolo\u010denem obmo\u010dju zaradi izvajanja skupnih akcij in\nskupnega nastopanja napram krovne PZS. MDO Zasavje Posavje vklju\u010duje 14 dru\u0161tev\nod Litije do La\u0161kega in Bre\u017eic, od tega je 13 planinskih dru\u0161tev (Litija,\nZagorje, Trbovlje, Kum, Hrastnik, Dol pri Hrastniku, Rade\u010de, La\u0161ko, Rimske\nToplice, Lisca, Videm Kr\u0161ko, Bohor in Bre\u017eice) ter Kolesarski klub Zagorska\ndolina. Vodstvo MDO-ja sestavljajo praviloma predsedniki posameznih planinskih\ndru\u0161tev, predsednika pa se izbira izmed trenutnih ali biv\u0161ih predsednikov\nPD-jev. Trenutno na\u0161 MDO vodi Sevni\u010dan Jo\u017ee Prah, njegov mandat pa je vezan na\nmandat predsednika PZS.<\/p>\n\n\n\n<p>Jo\u017ee Prah, gozdar, ki ga Zasavci in\nPosavci dobro poznamo po \u0161tevilnih aktivnostih vezanih predvsem na spoznavanje\ngozda, se poleg svoje profesionalne dejavnosti ukvarja z razvojem turizma v\ngozdnem prostoru, je snovalec ve\u010d tematskih poti in koordinator evropskih\npe\u0161poti v Sloveniji, njemu gre zasluga za obujanje oglarstva v Sloveniji,\nsodeluje pri izobra\u017eevanju in mentorstvu turisti\u010dnih delavcev in \u0161e bi lahko\nna\u0161tevali. <\/p>\n\n\n\n<p>Pri prevzemu vodenja MDO-ja v letu\n2018 je poskrbel za formaliziranje delovanja s sprejemom Pravilnika o delu MDO\nZasavje ter okrepil sodelovanje planinskih dru\u0161tev v MDO-ju, kjer smo skupaj\npostavili temelje in cilje nadaljnjega dela MDO-ja. Agenda delovanja vklju\u010duje\nnekaj klju\u010dnih tem oz. podro\u010dij delovanja, citirano v nadaljevanju:<\/p>\n\n\n\n<ul class=\"wp-block-list\"><li>Promocija dru\u0161tvene dejavnosti<\/li><\/ul>\n\n\n\n<p>Delo planinskih dru\u0161tev je izjemno pestro, pre\u017eeto z veliko\nprostovoljnosti, od dela na gospodarskih objektih, planinskih poteh, varstvu\nnarave, socialnem kapitalu itd. To odli\u010dnost na\u0161ega dela je potrebno \u010dim bolje\npredstaviti tudi javnosti. V ta namen bomo uvajali skupno spletno stran, redne\ntiskovne konference in tisk skupnega koledarja va\u017enej\u0161ih akcij. <\/p>\n\n\n\n<ul class=\"wp-block-list\"><li>Sodelovanje dru\u0161tev MDO Zasavje<ul><li>Skupna spletna stran<\/li><li>Skupno dru\u017eenje starej\u0161ih planincev<\/li><li>Skupni dan zasavskih planincev<\/li><li>Skupna delovna akcija na planinskih poteh<\/li><li>Skupno sre\u010danje mladih planincev<\/li><li>Meddru\u0161tveni izlet na Prehodavce<\/li><li>Meddru\u0161tveni tabori\u00a0 in izleti<\/li><li>Skupna izobra\u017eevanja<\/li><li>Skupni koledar<\/li><li>Dan zasavskih markacistov<\/li><li>Dan vodnikov Zasavja<\/li><\/ul><\/li><\/ul>\n\n\n\n<ul class=\"wp-block-list\"><li>Formiranje stalnih odborov MDO<ul><li>Odbor mladinskih odsekov<\/li><li>Odbor vodnikov<\/li><li>Odbor za planinske poti<\/li><li>Odbor za gospodarstvo<\/li><li>Odbor za varstvo gorske narave<\/li><li>Odbor za zasavsko planinsko pot<\/li><\/ul><\/li><\/ul>\n\n\n\n<ul class=\"wp-block-list\"><li>Projektno povezovanje<\/li><\/ul>\n\n\n\n<p>MDO\nZasavje deluje na treh regionalnih podro\u010djih (Zasavje, Posavje, Savinjska regija).\nAktivno se vklju\u010diti v razvojne projekte kot partnerji.<\/p>\n\n\n\n<p>MDO Zasavje\ndeluje na obmo\u010dju \u0161tirih Lokalnih akcijskih skupin (LAS): LAS Raznolikost\npode\u017eelja, Srce Slovenije, LAS Zasavje, LAS Posavje. V projektih LAS-ov, ki so\nmo\u010dno raznoliki, tako po velikosti kot vsebini, se PD lahko pojavljamo kot\nprijavitelji ali partnerji. \u0160e posebej lahko tvorno sodelujemo na projektih\nsodelovanja. V namen projektnega delovanja:&nbsp;\nformiranje projektnih skupin MDO, kot razvijanje projektnega dela in\nizobra\u017eevanja<em>.&nbsp;&nbsp; &nbsp;<\/em><\/p>\n\n\n\n<ul class=\"wp-block-list\"><li>Planinske obhodnice<ul><li>Zasavska planinska pot, za promocijo je formiran odbor za ZPP, na\u010drtno in organizirano obiskovanje planinske poti. Promocija se izvaja z vsakoletnim nagradnim foto nate\u010dajem z motivi z ZPP.<\/li><li>Kri\u017eem kra\u017eem po Posavskem hribovju<\/li><li>Slovenija hodi; s svojimi akcijami sodelovati v projektu Slovenija hodi.<\/li><\/ul><\/li><\/ul>\n\n\n\n<ul class=\"wp-block-list\"><li>Sodelovanje s sorodnimi organizacijami<\/li><\/ul>\n\n\n\n<p>Delo v\nplaninskih dru\u0161tvih je izjemno raznoliko in ta raznolikost se ka\u017ee tudi v tem,\nda lahko sodeluje z vsemi javnostmi kot starostnimi strukturami, tako v mestu\nkot pode\u017eelju. Lahko smo kvalitetni partnerji v turisti\u010dnem razvoju tako v\nsvojem kot \u0161ir\u0161em okolju. NVO, nevladni sektor je na\u0161 potencialni sogovornik v\nmno\u017eici dejavnosti. <\/p>\n\n\n\n<ul class=\"wp-block-list\"><li>Skupna ponudba <ul><li>Na trg ponuditi skupni produkta v planinskih ko\u010dah MDO<\/li><li>Planinske izlete kvalitetno promoviramo in ponudimo trgu <\/li><\/ul><\/li><\/ul>\n\n\n\n<ul class=\"wp-block-list\"><li>Ve\u010dnamenskost planinskih poti<\/li><\/ul>\n\n\n\n<p>Registrirane planinske poti smotrno pregledati in dolo\u010diti, katere\nomogo\u010dajo turno kolesarjenje, obisk poti s konji \u2026. in dolo\u010diti poti, ki so\nlahko tematske poti.<\/p>\n\n\n\n<ul class=\"wp-block-list\"><li>Finaciranje MDO: Skupni projekti, PZS, PD<\/li><\/ul>\n\n\n\n<ul class=\"wp-block-list\"><li>Financiranje vzdr\u017eevanja planinskih poti <ul><li>Na obmo\u010dju MDO deluje najmanj 9 ob\u010din, ki vsaka po svojih mo\u017enosti in ute\u010denih na\u010dinih spodbuja delovanje planinskih dru\u0161tev in na ta na\u010din tudi vsaka na razli\u010den na\u010din pospe\u0161uje turizem in financiranje vzdr\u017eevanja pohodnih poti. V MDO prepoznati primere dobrih praks in z njimi seznaniti \u0161e druge ob\u010dine.\u00a0 <\/li><li>Vsako leto organizirati dru\u0161tveno delovno akcijo na planinskih poteh<\/li><\/ul><\/li><\/ul>\n\n\n\n<ul class=\"wp-block-list\"><li>Vodni\u0161tvo<\/li><\/ul>\n\n\n\n<p>Planinsko vodni\u0161tvo ima svojo tradicijo. Planinski vodniki so\nizobra\u017eeni in imajo svojo licenco. Nabor vodenja in vodnikov ponuditi\nturisti\u010dnem organizacijam in posameznikom. Pove\u010dati sodelovanje z drugimi\nvodniki. Skupna izpopolnjevanja.<\/p>\n\n\n\n<ul class=\"wp-block-list\"><li>Mladi in planinstvo <ul><li>Vklju\u010diti se v akcije MK PZS. Aktivirati MO po planinskih dru\u0161tvih in pripraviti vsakoletne izlete mladih v MDO. <\/li><li>V vrtcih, osnovnih in srednjih \u0161olah ter fakulteti organizirati planinske kro\u017eke, \u0161tudijske skupine, debatne kro\u017eke \u2026<\/li><li>MDO ponudi \u00bbPlaninsko \u0161olo\u00ab in skupni tabor mladih <\/li><\/ul><\/li><\/ul>\n\n\n\n<p><strong>Nekaj\npomembnej\u0161ih podatkov in dogodkov, ki so zaznamovali delovanje MDO Zasavje v letu\n2019<\/strong><\/p>\n\n\n\n<p>PZS \u0161teje v letu 2019 61.523 \u010dlanov, v\nna\u0161em MDO pa je vklju\u010deno 3.409 \u010dlanov, kar je dobra 2 % ve\u010d glede na predhodno\nleto. Od skupno okrog 10.000 km planinskih poti jih je v na\u0161em MDO pribli\u017eno\n800 km, za katere skrbi nekaj ve\u010d kot 50 markacistov. <\/p>\n\n\n\n<p>Zasavska oz. posavska PD imamo v\nposesti 11 planinskih ko\u010d, ki stojijo na bli\u017enjih hribih, PD Rade\u010de pa je\nlastnik visokogorske Zasavske ko\u010de na Prehodavcih. Le Ton\u010dkov dom na Lisci je v\nlastni\u0161tvu Ob\u010dine Sevnica. V teh ko\u010dah je v skupnem \u0161tevilu preko 1200 sede\u017eev, vse ko\u010de razpolagajo\ntudi z no\u010ditvenimi kapacitetami, skupaj s skoraj 450 le\u017ei\u0161\u010di. Ponosni smo, da je Zasavska ko\u010da na Prehodavcih v letu 2019 prejela titulo \u00bb<strong>Naj visokogorska planinska\nko\u010da\u00ab, ter da so<\/strong> med petimi naj\nplaninskimi ko\u010dami v ni\u017eje le\u017ee\u010dih predelih kar tri iz MDO Zasavje in sicer na\nKalu, Kumu in na Mrzlici.<\/p>\n\n\n\n<p>Zbor\nmarkacistov MDO na Kopitniku je potekal 8. marca 2019. V Rade\u010dah pa je potekalo osrednje\nsre\u010danje slovenskih markacistov, kjer se jih je zbralo skoraj 200 in so dru\u017eno\nmarkirali na Zasavski planinski poti. PZS organizira vsako leto nate\u010daj za naj\nplaninsko pot in ta presti\u017eni naslov je prejela Re\u010di\u0161ka planinska pot v oskrbi\nPD La\u0161ko. Ta kro\u017ena pot vodi po vrhovih vzhodnega dela Posavskega hribovja in\nje v letu 2019 do\u017eivela popolno obnovo, tudi s pomo\u010djo denarja od naslova za\nnaj planinsko pot v letu 2019. <\/p>\n\n\n\n<p>Sre\u010danje zasavskih vodnikov je potekalo\n4. aprila na Kumu, kjer je od pribli\u017eno 100 vodnikov prisostvovalo le kakih 20,\no novostih pa nas je seznanjal planinski in\u0161truktor Frane Kemperle, biologinja\nVlasta M. Crnkovi\u010d pa nas je pou\u010dila o li\u0161ajih na Kumu.&nbsp;&nbsp; <\/p>\n\n\n\n<p>Posebno povezovalnost nam pomeni 200\nkm dolga Zasavska planinska pot, kjer smo za njeno promocijo izvajali 4 skupne\netapne pohode, na katerih smo bili dele\u017eni tudi naravovarstvenih strokovnih\nvsebin. Z enakim namenom smo razpisali tudi nagradni foto nate\u010daj z motivi ZPP.\n<\/p>\n\n\n\n<p>Odprtje poletne planinske visokogorske\nsezone pa smo za\u010deli 26. junija s skupno dvodnevno turo na Prehodavce. <\/p>\n\n\n\n<p>Delo z mladimi poteka v organiziranih\nmladinskih odsekih v \u0161olah, ki organizirajo svoje planinske izlete, planinske\n\u0161ole in sodelujejo v&nbsp; tekmovanju Mladina\nin gore, kjer so zmagali \u0161olarji iz Litije, na tretje mesto pa so se uvrstili\n\u0161olarji iz \u0160martnega pri Litiji.<\/p>\n\n\n\n<p>Krona vsega dogajanja pa je bila\nizvedba vseslovenskega planinskega sre\u010danja na Lisci. Dan slovenskih planinskih\ndo\u017eivetij je v soorganizaciji PZS in MDO organiziralo PD Lisca. Planinci so se\ntega dne na Lisco odpravili pod organiziranim vodstvom planinskih vodnikov in\nvaruhov gorske narave z domala vseh mo\u017enih poti. Dan planincev smo zdru\u017eili\ntudi z dnevom zasavskih planincev, planinske mladine in dnevom ZPP, dogodek je\npopestrila razstava zmagovalnih fotografij s foto nate\u010daja, za kulturni program\nin planinsko zabavo pa so poskrbeli sevni\u0161ki planinci. <\/p>\n\n\n\n<p>Ob mednarodnem dnevu gora, 11.\ndecembra, smo organizirali tiskovno konferenco in poro\u010dali o na\u0161em delu in\nna\u010drtih za objavo v medijih, od katerih nam je najve\u010d pozornosti namenila\nnacionalna TV. <\/p>\n\n\n\n<p>Ob koncu leta, 22. decembra, pa smo na\nraz\u0161irjeni seji gostili predsednika PZS in prejemnika visokega planinskega\npriznanja, g. Marjana Pergarja, ki je ob svoji 80-letnici prejel spominsko\nplaketo PZS.<\/p>\n","protected":false},"excerpt":{"rendered":"<p>Meddru\u0161tveni odbor planinskih dru\u0161tev (MDO) je organ v sestavi Planinske zveze Slovenije (PZS) in je oblika povezovanja dru\u0161tev na dolo\u010denem obmo\u010dju zaradi izvajanja skupnih akcij in skupnega nastopanja napram krovne PZS. MDO Zasavje Posavje vklju\u010duje 14 dru\u0161tev od Litije do La\u0161kega in Bre\u017eic, od tega je 13 planinskih dru\u0161tev (Litija, Zagorje, Trbovlje, Kum, Hrastnik, Dol [&hellip;]<\/p>\n","protected":false},"author":1,"featured_media":0,"parent":90,"menu_order":0,"comment_status":"closed","ping_status":"closed","template":"","meta":{"_bbp_topic_count":0,"_bbp_reply_count":0,"_bbp_total_topic_count":0,"_bbp_total_reply_count":0,"_bbp_voice_count":0,"_bbp_anonymous_reply_count":0,"_bbp_topic_count_hidden":0,"_bbp_reply_count_hidden":0,"_bbp_forum_subforum_count":0,"_mc_calendar":[],"footnotes":""},"class_list":["post-92","page","type-page","status-publish","hentry"],"_links":{"self":[{"href":"https:\/\/pd-kum.si\/splet\/wp-json\/wp\/v2\/pages\/92","targetHints":{"allow":["GET"]}}],"collection":[{"href":"https:\/\/pd-kum.si\/splet\/wp-json\/wp\/v2\/pages"}],"about":[{"href":"https:\/\/pd-kum.si\/splet\/wp-json\/wp\/v2\/types\/page"}],"author":[{"embeddable":true,"href":"https:\/\/pd-kum.si\/splet\/wp-json\/wp\/v2\/users\/1"}],"replies":[{"embeddable":true,"href":"https:\/\/pd-kum.si\/splet\/wp-json\/wp\/v2\/comments?post=92"}],"version-history":[{"count":3,"href":"https:\/\/pd-kum.si\/splet\/wp-json\/wp\/v2\/pages\/92\/revisions"}],"predecessor-version":[{"id":512,"href":"https:\/\/pd-kum.si\/splet\/wp-json\/wp\/v2\/pages\/92\/revisions\/512"}],"up":[{"embeddable":true,"href":"https:\/\/pd-kum.si\/splet\/wp-json\/wp\/v2\/pages\/90"}],"wp:attachment":[{"href":"https:\/\/pd-kum.si\/splet\/wp-json\/wp\/v2\/media?parent=92"}],"curies":[{"name":"wp","href":"https:\/\/api.w.org\/{rel}","templated":true}]}}